{"id":2358,"date":"2020-06-15T09:30:17","date_gmt":"2020-06-15T09:30:17","guid":{"rendered":"http:\/\/www.s-sent.nl\/new\/?page_id=2358"},"modified":"2026-04-14T08:46:54","modified_gmt":"2026-04-14T08:46:54","slug":"basis-opleidingen-2","status":"publish","type":"page","link":"https:\/\/www.s-sent.nl\/new\/basis-opleidingen-2\/","title":{"rendered":"Basis opleidingen"},"content":{"rendered":"\n<p>S-Sent verzorgt opleidingen in het ontwikkelen van je intu\u00eftie\u00a0en het verwezenlijken van jezelf in je leven en werk. Oftewel je intu\u00eftief leiderschap. <br><br>Door je intu\u00eftie te ontwikkelen tot een betrouwbaar instrument krijg je zicht op wie je bent, hoe je omgaat met je energie, wat je doelen zijn en hoe je jezelf verwezenlijkt. Je voelt wat klopt voor je en leert daarnaar te handelen. In de les is er inzicht, self-healing, humor en gemak.\u00a0<br><br>Na de workshop <a href=\"https:\/\/www.s-sent.nl\/new\/intuitief-leiderschap-2\/\" target=\"_blank\" rel=\"noreferrer noopener\">Intu\u00eftief leiderschap<\/a>, of een cursus van S-Sent bij de volksuniversiteit, start je met de basisopleiding, de Basis 1, 2 en 3. Samen vormen deze het intu\u00eftiejaar en rond je af met een diploma. Daarna kun je <a href=\"https:\/\/www.s-sent.nl\/new\/vervolg-opleidingen\/\" target=\"_blank\" rel=\"noreferrer noopener\">vervolg opleidingen<\/a> doen, zoals de healing- en reading opleiding, of je kunt thema cursussen volgen ter verdieping.<br><br><strong>Korte workshops of cursussen v\u00f3\u00f3r de Basis 1:<br><\/strong><a href=\"https:\/\/www.s-sent.nl\/new\/intuitief-leiderschap-2\/\" target=\"_blank\" rel=\"noreferrer noopener\">Workshop Intu\u00eftief Leiderschap<\/a><br><a href=\"https:\/\/www.s-sent.nl\/new\/lezing-intuitie-wat-is-dat\/\" target=\"_blank\" rel=\"noreferrer noopener\">Lezing: Intu\u00eftie, wat is dat?<\/a><br><a href=\"https:\/\/www.s-sent.nl\/new\/intuitie-je-eigen-weten-en-je-gevoel-volgen\/\" target=\"_blank\" rel=\"noreferrer noopener\">Je intu\u00eftie als raadgever<\/a><br><a href=\"https:\/\/www.s-sent.nl\/new\/je-sensitiviteit-als-kracht\/\" target=\"_blank\" rel=\"noreferrer noopener\">Je sensitiviteit als kracht<\/a><br><strong><br>De basisopleiding:<\/strong><br><a href=\"https:\/\/www.s-sent.nl\/new\/basis-1\/\" target=\"_blank\" rel=\"noreferrer noopener\">Basis 1 Intu\u00eftief Leiderschap<\/a> <br><a href=\"https:\/\/www.s-sent.nl\/new\/basis-2-en-3\/\" target=\"_blank\" rel=\"noreferrer noopener\">Basis 2 en 3 Intu\u00eftief Leiderschap<\/a><br><br><strong>Korte workshops en opleidingen n\u00e1 Basis 1: <\/strong><br><a href=\"https:\/\/www.s-sent.nl\/new\/zorg-voor-jezelf\/\" target=\"_blank\" rel=\"noreferrer noopener\">Zorg voor jezelf<\/a><br><a href=\"https:\/\/www.s-sent.nl\/new\/het-mystieke-engeland\/\" target=\"_blank\" rel=\"noreferrer noopener\">Het mystieke Engeland<\/a><br><a href=\"https:\/\/www.s-sent.nl\/new\/leven-en-liefde-in-chartres\/\" target=\"_blank\" rel=\"noreferrer noopener\">Chartres<\/a><br><br><strong>Vervolgopleiding n\u00e1 de Basis 3:\u00a0<\/strong><br><a href=\"https:\/\/www.s-sent.nl\/new\/healing-opleiding\/\" target=\"_blank\" rel=\"noreferrer noopener\">Healing opleiding<\/a><br><br><em>Alle opleidingen bij S-Sent zijn gericht op het ontwikkelen en vergroten van je eigen en innerlijke wijsheid, je intu\u00eftie. Over jezelf, de ander en de wereld om je heen. Alle opleidingen zijn ervaringsgericht, er wordt niet gewerkt met boeken en naast de lessen is er geen extra studie nodig. Je leert in de les.\u00a0 \u00a0\u00a0<\/em><br><br><em>Inschrijven voor opleidingen kan vanaf 18 jaar. Voor de Basis 1 Intu\u00eftief leiderschap heb je geen vooropleiding nodig. Alle opleidingen daarna wel, zoals hieronder staat in het schema.\u00a0<\/em><\/p>\n\n\n<h2 style=\"text-align: center;\"><span style=\"color: #333333;\"><strong>ALLE OPLEIDINGEN VAN S-SENT<\/strong><\/span><\/h2>\n\n<div class=\"wp-block-image\">\n<figure class=\"aligncenter size-large\"><a href=\"https:\/\/www.s-sent.nl\/new\/wp-content\/uploads\/2021\/01\/Overzicht-opleidingen-2021-01.jpg\"><img decoding=\"async\" src=\"https:\/\/www.s-sent.nl\/new\/wp-content\/uploads\/2024\/09\/Overzicht-opleidingen-2024.jpg\" alt=\"\"\/><\/a><\/figure>\n<\/div>\n\n\n<p class=\"has-text-align-center\"><\/p>\n\n\n\n<div class=\"wp-block-image\"><figure class=\"alignleft size-large is-resized\"><img loading=\"lazy\" decoding=\"async\" src=\"https:\/\/www.s-sent.nl\/new\/wp-content\/uploads\/2020\/08\/CRKBO_Instelling.jpg\" alt=\"\" class=\"wp-image-2519\" width=\"135\" height=\"135\" srcset=\"https:\/\/www.s-sent.nl\/new\/wp-content\/uploads\/2020\/08\/CRKBO_Instelling.jpg 283w, https:\/\/www.s-sent.nl\/new\/wp-content\/uploads\/2020\/08\/CRKBO_Instelling-150x150.jpg 150w, https:\/\/www.s-sent.nl\/new\/wp-content\/uploads\/2020\/08\/CRKBO_Instelling-75x75.jpg 75w\" sizes=\"auto, (max-width: 135px) 100vw, 135px\" \/><\/figure><\/div>\n\n\n\n<p><\/p>\n\n\n\n<p><\/p>\n\n\n\n<p><\/p>\n","protected":false},"excerpt":{"rendered":"<p>S-Sent verzorgt opleidingen in het ontwikkelen van je intu\u00eftie\u00a0en het verwezenlijken van jezelf in je leven en werk. Oftewel je intu\u00eftief leiderschap. Door je intu\u00eftie te ontwikkelen tot een betrouwbaar instrument krijg je zicht op wie je bent, hoe je omgaat met je energie, wat je doelen zijn en hoe je jezelf verwezenlijkt. Je voelt wat klopt voor je en leert daarnaar te handelen. In de les is er inzicht, self-healing, humor en gemak.\u00a0 Na de workshop Intu\u00eftief leiderschap, of een cursus van S-Sent bij de volksuniversiteit, start je met de basisopleiding, de Basis 1, 2 en 3. Samen vormen deze het intu\u00eftiejaar en rond je af met een diploma. Daarna kun je vervolg opleidingen doen, zoals de healing- en reading opleiding, of je kunt thema cursussen volgen ter verdieping. Korte workshops of cursussen v\u00f3\u00f3r de Basis 1:Workshop Intu\u00eftief LeiderschapLezing: Intu\u00eftie, wat is dat?Je intu\u00eftie als raadgeverJe sensitiviteit als krachtDe basisopleiding:Basis 1 Intu\u00eftief Leiderschap Basis 2 en 3 Intu\u00eftief Leiderschap Korte workshops en opleidingen n\u00e1 Basis 1: Zorg voor jezelfHet mystieke EngelandChartres Vervolgopleiding n\u00e1 de Basis 3:\u00a0Healing opleiding Alle opleidingen bij S-Sent zijn gericht op het ontwikkelen en vergroten van je eigen en innerlijke wijsheid, je intu\u00eftie. Over jezelf, de ander en de wereld om je heen. Alle opleidingen zijn ervaringsgericht, er wordt niet gewerkt met boeken en naast de lessen is er geen extra studie nodig. Je leert in de les.\u00a0 \u00a0\u00a0 Inschrijven voor opleidingen kan vanaf 18 jaar. Voor de Basis 1 Intu\u00eftief leiderschap heb je geen vooropleiding nodig. Alle opleidingen daarna wel, zoals hieronder staat in het schema.\u00a0 ALLE OPLEIDINGEN VAN S-SENT<\/p>\n","protected":false},"author":1,"featured_media":0,"parent":0,"menu_order":0,"comment_status":"closed","ping_status":"closed","template":"","meta":{"footnotes":""},"class_list":["post-2358","page","type-page","status-publish","hentry"],"translation":{"provider":"WPGlobus","version":"3.0.2","language":"en","enabled_languages":["en"],"languages":{"en":{"title":true,"content":true,"excerpt":false}}},"acf":[],"_links":{"self":[{"href":"https:\/\/www.s-sent.nl\/new\/wp-json\/wp\/v2\/pages\/2358","targetHints":{"allow":["GET"]}}],"collection":[{"href":"https:\/\/www.s-sent.nl\/new\/wp-json\/wp\/v2\/pages"}],"about":[{"href":"https:\/\/www.s-sent.nl\/new\/wp-json\/wp\/v2\/types\/page"}],"author":[{"embeddable":true,"href":"https:\/\/www.s-sent.nl\/new\/wp-json\/wp\/v2\/users\/1"}],"replies":[{"embeddable":true,"href":"https:\/\/www.s-sent.nl\/new\/wp-json\/wp\/v2\/comments?post=2358"}],"version-history":[{"count":83,"href":"https:\/\/www.s-sent.nl\/new\/wp-json\/wp\/v2\/pages\/2358\/revisions"}],"predecessor-version":[{"id":6236,"href":"https:\/\/www.s-sent.nl\/new\/wp-json\/wp\/v2\/pages\/2358\/revisions\/6236"}],"wp:attachment":[{"href":"https:\/\/www.s-sent.nl\/new\/wp-json\/wp\/v2\/media?parent=2358"}],"curies":[{"name":"wp","href":"https:\/\/api.w.org\/{rel}","templated":true}]}}