{"id":30,"date":"2018-07-25T08:01:28","date_gmt":"2018-07-25T08:01:28","guid":{"rendered":"http:\/\/www.s-sent.nl\/new\/?page_id=30"},"modified":"2023-08-28T10:09:04","modified_gmt":"2023-08-28T10:09:04","slug":"nulpunt","status":"publish","type":"page","link":"https:\/\/www.s-sent.nl\/new\/nulpunt\/","title":{"rendered":"Nulpunt"},"content":{"rendered":"\n<p class=\"has-drop-cap\">Nulpunt biedt een moment om stil te staan, niet meer, niet minder. Het is een soort energie tankstation. Je kunt er even bijtanken, wijsheid opdoen en energie.  Een Nulpunt moment kan in company worden georganiseerd, voor relaties en af en toe wordt er met open inschrijving een Nulpuntmiddag georganiseerd (klik dan <a rel=\"noreferrer noopener\" href=\"https:\/\/www.s-sent.nl\/new\/programma-nulpuntmiddag\/\" target=\"_blank\">hier<\/a> voor het programma) <\/p>\n\n\n<p><strong><br \/>InCompany<\/strong><br \/>Nulpunt kun je inzetten als middel om helderheid te cre\u00ebren en meer bewustzijn te ontwikkelen binnen een organisatie. In \u00e9\u00e9n middag nemen de mensen deel aan een van de workshops en krijgen ze en reading.<\/p>\n<p style=\"text-align: left; padding-left: 40px;\"><strong><span style=\"color: #ff9900;\">Workshop 1: Intu\u00eftie, een trainbare kwaliteit van onschatbare waarde<\/span><br \/><\/strong>Iedere ondernemer weet hoe het is om te vertrouwen op je \u2018buik-gevoel\u2019, ofwel je gut feel, je intu\u00eftie. Een adequate\u00a0intu\u00eftie\u00a0is een versneller in alles wat je weet, leert en doet. Vaak wordt het random ingezet of gezien als toevalligheid. Wat weinig mensen weten is dat je je\u00a0intu\u00eftie\u00a0heel goed kunt trainen. Oefening baart hier letterlijk kunst. Je integreert de bronnen die je bij je draagt en door deze geconcentreerde kracht wordt je magnetisch voor je omgeving. Je wordt de leider die weet waar hij voor staat.<\/p>\n<p style=\"padding-left: 40px;\">Tevens zitten in je \u201cgut\u201d doelen en je creativiteit. De twee elementen die de kern zijn voor een succesvol bedrijf en de samenwerking met anderen. Succesvolle leiders van deze tijd maken deze kwaliteit belangrijk. In deze workshop doen we een aantal oefeningen om je\u00a0intu\u00eftie\u00a0te verkennen en hoe je dit in je dagelijks werk kunt gebruiken.<\/p>\n<p style=\"text-align: left; padding-left: 40px;\"><strong style=\"font-size: inherit;\"><span style=\"color: #ff9900;\">Workshop 2: De kracht van Intentie<\/span><br \/><\/strong><span style=\"font-size: inherit;\">In een kastanje ligt al het ontwerp en de intentie van een hele boom besloten. Topsporters visualiseren hun wedstrijd vele malen, waardoor de race al gereden is, de wedstrijd al gespeeld. Zo werkt het ook met beleid, plannen en of je er wel of niet komt. Het is de kunst te blijven afstemmen op het hele speelveld en de intentie niet te strak in een resultaat te vertalen. Opletten op wat kan bijdragen (of onderuit halen), zonder je te laten afleiden, houdt de opening naar nog betere resultaten. In deze workshop krijg je een aantal krachtige instrumenten aangereikt om te gebruiken in je dagelijkse werkpraktijk.<\/span><\/p>\n<p style=\"text-align: left; padding-left: 40px;\"><span style=\"color: #ff9900;\"><strong style=\"font-size: inherit;\">Workshop 3:<\/strong>\u00a0<\/span><strong style=\"font-size: inherit;\"><span style=\"color: #ff9900;\">Reading over jou en je werk\/bedrijf<\/span><br \/><\/strong>Een reading is een beschrijving van de energie en geeft inzicht in jouw authentieke energie en kwaliteiten, je werk of bedrijf, de verbinding tussen jou en je werk, je doelen en de stappen die je nu kunt zetten. Het is een waardevolle en beproefde methode in organisatieontwikkeling en tijdens trainingen.<\/p>\n<p><b><br \/>Voor wie is Nulpunt gecre\u00eberd?<\/b><br \/>Mogelijk ben je al ge\u00efnspireerd door Re\u00efnventing organisations van Frederique Laloux, \u00a0Spiral Dynamics, ben je bezig met duurzaam ondernemen, Theory U of wil je simpelweg meer weten over de ijsberg onder water, de onderstroom in jullie organisatie of team. Nulpunt kun je inzetten als middel om helderheid te cre\u00ebren en meer bewustzijn te krijgen over de jouw eigen authentieke kwaliteiten, jouw rol en de kracht van je organisatie of team. Je komt weer bij je eigen inzicht en wijsheid erover.<\/p>\n<p style=\"text-align: left;\"><span style=\"font-size: inherit;\"><strong><br \/>Voor relaties<br \/><\/strong>Wil je jullie klanten een bijzondere ervaring meegeven, biedt hen dan een Nulpuntmiddag aan, of een reading. Succes gegarandeerd!\u00a0<br \/><\/span><\/p>\n<div class=\"page-content\">\n<div class=\"main-content clear-fix boxed-wrapper\" data-layout=\"none\" data-sidebar-sticky=\"1\" data-sidebar-width=\"270\" data-dropcaps=\"no\">\n<div class=\"main-container\">\n<article id=\"page-1219\" class=\"post-1219 page type-page status-publish hentry\">\n<div class=\"post-content\">\n<p><strong><span style=\"color: #ff9900;\">Wil je een ervaring horen?<\/span> \u00a0<\/strong>Lees <a href=\"https:\/\/www.s-sent.nl\/new\/blog\/petra-was-bij-nulpunt\/\" target=\"_blank\" rel=\"noopener noreferrer\">de blog van Petra<\/a>, zij was bij een van de Nulpuntmiddagen.<br \/><br \/><a href=\"https:\/\/www.s-sent.nl\/new\/wp-content\/uploads\/2018\/07\/Logo-door-Erika-smal-en-breed-2-1000-pixels.jpg\"><img loading=\"lazy\" decoding=\"async\" class=\"alignleft size-full wp-image-631\" src=\"https:\/\/www.s-sent.nl\/new\/wp-content\/uploads\/2018\/07\/Logo-door-Erika-smal-en-breed-2-1000-pixels.jpg\" alt=\"\" width=\"1408\" height=\"556\" srcset=\"https:\/\/www.s-sent.nl\/new\/wp-content\/uploads\/2018\/07\/Logo-door-Erika-smal-en-breed-2-1000-pixels.jpg 1408w, https:\/\/www.s-sent.nl\/new\/wp-content\/uploads\/2018\/07\/Logo-door-Erika-smal-en-breed-2-1000-pixels-300x118.jpg 300w, https:\/\/www.s-sent.nl\/new\/wp-content\/uploads\/2018\/07\/Logo-door-Erika-smal-en-breed-2-1000-pixels-768x303.jpg 768w, https:\/\/www.s-sent.nl\/new\/wp-content\/uploads\/2018\/07\/Logo-door-Erika-smal-en-breed-2-1000-pixels-1024x404.jpg 1024w, https:\/\/www.s-sent.nl\/new\/wp-content\/uploads\/2018\/07\/Logo-door-Erika-smal-en-breed-2-1000-pixels-1140x450.jpg 1140w\" sizes=\"auto, (max-width: 1408px) 100vw, 1408px\" \/><\/a><br \/><br \/><\/p>\n<\/div>\n<\/article>\n<\/div>\n<\/div>\n<\/div>\n<hr \/>\n<p>\u00a0<\/p>\n<p>\u00a0<\/p>\n<p>\u00a0<\/p>\n<p>\u00a0<\/p>","protected":false},"excerpt":{"rendered":"<p>Nulpunt biedt een moment om stil te staan, niet meer, niet minder. Het is een soort energie tankstation. Je kunt er even bijtanken, wijsheid opdoen en energie. Een Nulpunt moment kan in company worden georganiseerd, voor relaties en af en toe wordt er met open inschrijving een Nulpuntmiddag georganiseerd (klik dan hier voor het programma) InCompanyNulpunt kun je inzetten als middel om helderheid te cre\u00ebren en meer bewustzijn te ontwikkelen binnen een organisatie. In \u00e9\u00e9n middag nemen de mensen deel aan een van de workshops en krijgen ze en reading. Workshop 1: Intu\u00eftie, een trainbare kwaliteit van onschatbare waardeIedere ondernemer weet hoe het is om te vertrouwen op je \u2018buik-gevoel\u2019, ofwel je gut feel, je intu\u00eftie. Een adequate\u00a0intu\u00eftie\u00a0is een versneller in alles wat je weet, leert en doet. Vaak wordt het random ingezet of gezien als toevalligheid. Wat weinig mensen weten is dat je je\u00a0intu\u00eftie\u00a0heel goed kunt trainen. Oefening baart hier letterlijk kunst. Je integreert de bronnen die je bij je draagt en door deze geconcentreerde kracht wordt je magnetisch voor je omgeving. Je wordt de leider die weet waar hij voor staat. Tevens zitten in je \u201cgut\u201d doelen en je creativiteit. De twee elementen die de kern zijn voor een succesvol bedrijf en de samenwerking met anderen. Succesvolle leiders van deze tijd maken deze kwaliteit belangrijk. In deze workshop doen we een aantal oefeningen om je\u00a0intu\u00eftie\u00a0te verkennen en hoe je dit in je dagelijks werk kunt gebruiken. Workshop 2: De kracht van IntentieIn een kastanje ligt al het ontwerp en de intentie van een hele boom besloten. Topsporters visualiseren hun wedstrijd vele malen, waardoor de race al gereden is, de wedstrijd al gespeeld. Zo werkt het ook met beleid, plannen en of je er wel of niet komt. Het is de kunst te blijven afstemmen op het hele speelveld en de intentie niet te strak in een resultaat te vertalen. Opletten op wat kan bijdragen (of onderuit halen), zonder je te laten afleiden, houdt de opening naar nog betere resultaten. In deze workshop krijg je een aantal krachtige instrumenten aangereikt om te gebruiken in je dagelijkse werkpraktijk. Workshop 3:\u00a0Reading over jou en je werk\/bedrijfEen reading is een beschrijving van de energie en geeft inzicht in jouw authentieke energie en kwaliteiten, je werk of bedrijf, de verbinding tussen jou en je werk, je doelen en de stappen die je nu kunt zetten. Het is een waardevolle en beproefde methode in organisatieontwikkeling en tijdens trainingen. Voor wie is Nulpunt gecre\u00eberd?Mogelijk ben je al ge\u00efnspireerd door Re\u00efnventing organisations van Frederique Laloux, \u00a0Spiral Dynamics, ben je bezig met duurzaam ondernemen, Theory U of wil je simpelweg meer weten over de ijsberg onder water, de onderstroom in jullie organisatie of team. Nulpunt kun je inzetten als middel om helderheid te cre\u00ebren en meer bewustzijn te krijgen over de jouw eigen authentieke kwaliteiten, jouw rol en de kracht van je organisatie of team. Je komt weer bij je eigen inzicht en wijsheid erover. Voor relatiesWil je jullie klanten een bijzondere ervaring meegeven, biedt hen dan een Nulpuntmiddag aan, of een reading. Succes gegarandeerd!\u00a0 Wil je een ervaring horen? \u00a0Lees de blog van Petra, zij was bij een van de Nulpuntmiddagen. \u00a0 \u00a0 \u00a0 \u00a0<\/p>\n","protected":false},"author":1,"featured_media":0,"parent":0,"menu_order":0,"comment_status":"closed","ping_status":"closed","template":"","meta":{"footnotes":""},"class_list":["post-30","page","type-page","status-publish","hentry"],"translation":{"provider":"WPGlobus","version":"3.0.2","language":"en","enabled_languages":["en"],"languages":{"en":{"title":true,"content":true,"excerpt":false}}},"acf":[],"_links":{"self":[{"href":"https:\/\/www.s-sent.nl\/new\/wp-json\/wp\/v2\/pages\/30","targetHints":{"allow":["GET"]}}],"collection":[{"href":"https:\/\/www.s-sent.nl\/new\/wp-json\/wp\/v2\/pages"}],"about":[{"href":"https:\/\/www.s-sent.nl\/new\/wp-json\/wp\/v2\/types\/page"}],"author":[{"embeddable":true,"href":"https:\/\/www.s-sent.nl\/new\/wp-json\/wp\/v2\/users\/1"}],"replies":[{"embeddable":true,"href":"https:\/\/www.s-sent.nl\/new\/wp-json\/wp\/v2\/comments?post=30"}],"version-history":[{"count":50,"href":"https:\/\/www.s-sent.nl\/new\/wp-json\/wp\/v2\/pages\/30\/revisions"}],"predecessor-version":[{"id":4906,"href":"https:\/\/www.s-sent.nl\/new\/wp-json\/wp\/v2\/pages\/30\/revisions\/4906"}],"wp:attachment":[{"href":"https:\/\/www.s-sent.nl\/new\/wp-json\/wp\/v2\/media?parent=30"}],"curies":[{"name":"wp","href":"https:\/\/api.w.org\/{rel}","templated":true}]}}