{"id":5122,"date":"2023-11-19T14:50:08","date_gmt":"2023-11-19T14:50:08","guid":{"rendered":"https:\/\/www.s-sent.nl\/new\/?post_type=product&#038;p=5122"},"modified":"2024-06-10T01:42:56","modified_gmt":"2024-06-10T01:42:56","slug":"workshop-intuitief-leiderschap-10-of-17-februari-2024","status":"publish","type":"product","link":"https:\/\/www.s-sent.nl\/new\/product\/workshop-intuitief-leiderschap-10-of-17-februari-2024\/","title":{"rendered":"CADEAUBON:  WORKSHOP INTUITIEF LEIDERSCHAP OF INDIVIDUELE LES"},"content":{"rendered":"<p>Wil je iemand een individuele les, of deelname aan de workshop Intu\u00eftief leiderschap, cadeau doen? Dat kan met de cadeaubon van S-Sent Leven in Essentie.<\/p>\n<p>Met deze cadeaubon van\u00a0 \u20ac 75,- kan hij of zij deelnemen aan de workshop Intu\u00eftief Leiderschap of in een individuele les van 2,5 uur krijgen.<\/p>\n<p>De cadeaubon wordt naar je opgestuurd per post.<\/p>\n<p>Tijdens de workshop of individuele les gaat hij of zij door ervaringsgerichte oefeningen kennismaken met zijn of haar intu\u00eftie en komt in verbinding met zichzelf. Hij\/zij leert hoe je kunt herkennen of iets klopt voor je of niet en gaat oefenen met &#8216;je gevoel volgen&#8217;.<\/p>\n<p>Meer informatie over de workshop Intu\u00eftief leiderschap en data vind je <a href=\"https:\/\/www.s-sent.nl\/new\/intuitief-leiderschap-2\/\" target=\"_blank\" rel=\"noopener\">hier<\/a>. Bij een individuele les wordt er een \u00e9\u00e9n-op-\u00e9\u00e9n afspraak gemaakt.<\/p>\n","protected":false},"excerpt":{"rendered":"<p>Wil je iemand een individuele les, of deelname aan de workshop Intu\u00eftief leiderschap, cadeau doen? Dat kan met de cadeaubon van S-Sent Leven in Essentie. Met deze cadeaubon van\u00a0 \u20ac 75,- kan hij of zij deelnemen aan de workshop Intu\u00eftief Leiderschap of in een individuele les van 2,5 uur krijgen. De cadeaubon wordt naar je opgestuurd per post. Tijdens de workshop of individuele les gaat hij of zij door ervaringsgerichte oefeningen kennismaken met zijn of haar intu\u00eftie en komt in verbinding met zichzelf. Hij\/zij leert hoe je kunt herkennen of iets klopt voor je of niet en gaat oefenen met &#8216;je gevoel volgen&#8217;. Meer informatie over de workshop Intu\u00eftief leiderschap en data vind je hier. Bij een individuele les wordt er een \u00e9\u00e9n-op-\u00e9\u00e9n afspraak gemaakt.<\/p>\n","protected":false},"featured_media":4390,"comment_status":"open","ping_status":"closed","template":"","meta":[],"product_brand":[],"product_cat":[72],"product_tag":[74,48,50,73],"class_list":{"0":"post-5122","1":"product","2":"type-product","3":"status-publish","4":"has-post-thumbnail","6":"product_cat-workshop","7":"product_tag-eigenweten","8":"product_tag-energie","9":"product_tag-intuitie","10":"product_tag-leiderschap","12":"first","13":"instock","14":"sold-individually","15":"shipping-taxable","16":"purchasable","17":"product-type-simple"},"translation":{"provider":"WPGlobus","version":"3.0.2","language":"en","enabled_languages":["en"],"languages":{"en":{"title":true,"content":true,"excerpt":false}}},"acf":[],"_links":{"self":[{"href":"https:\/\/www.s-sent.nl\/new\/wp-json\/wp\/v2\/product\/5122","targetHints":{"allow":["GET"]}}],"collection":[{"href":"https:\/\/www.s-sent.nl\/new\/wp-json\/wp\/v2\/product"}],"about":[{"href":"https:\/\/www.s-sent.nl\/new\/wp-json\/wp\/v2\/types\/product"}],"replies":[{"embeddable":true,"href":"https:\/\/www.s-sent.nl\/new\/wp-json\/wp\/v2\/comments?post=5122"}],"wp:featuredmedia":[{"embeddable":true,"href":"https:\/\/www.s-sent.nl\/new\/wp-json\/wp\/v2\/media\/4390"}],"wp:attachment":[{"href":"https:\/\/www.s-sent.nl\/new\/wp-json\/wp\/v2\/media?parent=5122"}],"wp:term":[{"taxonomy":"product_brand","embeddable":true,"href":"https:\/\/www.s-sent.nl\/new\/wp-json\/wp\/v2\/product_brand?post=5122"},{"taxonomy":"product_cat","embeddable":true,"href":"https:\/\/www.s-sent.nl\/new\/wp-json\/wp\/v2\/product_cat?post=5122"},{"taxonomy":"product_tag","embeddable":true,"href":"https:\/\/www.s-sent.nl\/new\/wp-json\/wp\/v2\/product_tag?post=5122"}],"curies":[{"name":"wp","href":"https:\/\/api.w.org\/{rel}","templated":true}]}}